{"id":10160,"date":"2023-07-12T13:34:15","date_gmt":"2023-07-12T11:34:15","guid":{"rendered":"https:\/\/www.aipob-biodanza.org\/?page_id=10160"},"modified":"2023-07-25T20:23:11","modified_gmt":"2023-07-25T18:23:11","slug":"master-in-counseling-professionale","status":"publish","type":"page","link":"https:\/\/www.aipob-biodanza.org\/it_IT\/master-in-counseling-professionale\/","title":{"rendered":"MASTER IN COUNSELING PROFESSIONALE"},"content":{"rendered":"\n<h2 class=\"wp-block-heading\">Master in Counseling Professionale<\/h2>\n\n\n\n<h4 class=\"wp-block-heading\">La formazione in Counseling per Operatori Scuolatoro Biodanza BRT in collaborazione con <a href=\"http:\/\/www.aspicmilano.com\/\" target=\"_blank\" rel=\"noreferrer noopener\">ASPIC Milano<\/a><\/h4>\n\n\n\n<p>Questo nuovo percorso di formazione intende offrire a chi possiede il titolo di Operatore di Biodanza Scuolatoro la possibilit\u00e0 di acquisire il titolo di Professional Counselor, con tutte le competenze professionali che lo qualificano, grazie a un training customizzato: <\/p>\n\n\n\n<p class=\"has-text-align-center\"><strong>alcuni contenuti del percorso in Counseling vengono, infatti, abbuonati (perch\u00e9 gi\u00e0 acquisiti lungo il percorso formativo di Biodanza) e il monte-ore di crescita individuale e di gruppo \u00e8 dimezzato rispetto al programma standard<\/strong>.<\/p>\n\n\n\n<p>Allo stesso tempo, questa agevolazione rende il percorso particolarmente sintonico rispetto a quanto gi\u00e0 appreso con il training in Biodanza, dando accesso a una ulteriore professione, quella del Counselor, all\u2019insegna dell\u2019armonia teorica e metodologica delle due professioni che, lo affermo in base all\u2019esperienza, possono nutrirsi reciprocamente creando una integrazione professionale particolarmente stimolante.<\/p>\n\n\n\n<ul class=\"wp-block-list\"><li>crescere facendo esperienza,<\/li><li>la dimensione del qui e ora,<\/li><li>la rilevanza del concetto di omeostasi e di ciclo di contatto che fanno parte integrante dei riferimenti metodologici sia del Counseling che di Biodanza; (mi soffermo sulla definizione del ciclo di contatto del Counseling, un aspetto fondamentale di questa disciplina, inteso come ciclo organismico, naturale fluire della sapienza dell\u2019organismo che tende per natura al soddisfacimento del bisogno nel percorso istintivo verso l\u2019omeostasi e che agli Operatori di Biodanza far\u00e0 immediatamente pensare al collegamento con l\u2019esperienza della progressivit\u00e0 della vivencia lungo il ciclo del suo naturale accadere).<\/li><li>Il focus sulla parte sana, funzionante, della persona, sulle risorse, \u00e8 peculiare sia al Counseling che alla Biodanza,<\/li><li>l\u2019appartenenza all\u2019approccio della salutogenesi. (Come \u00e8 ben noto ai titolati in Biodanza, questa non \u00e8, infatti, una terapia, promuove la salute e lo sviluppo personale per il raggiungimento di una maggiore integrazione a livello personale, relazionale e cosmico, obiettivi generali che caratterizzano anche il Counseling.)<\/li><li>la centralit\u00e0 del corpo come elemento che caratterizza, ad esempio, l\u2019approccio gestaltico al Counseling e, naturalmente, la pratica della Biodanza tutta come esperienza del sentire.<\/li><\/ul>\n\n\n\n<p class=\"has-text-align-right\"><strong>Sivia Signorelli<\/strong><\/p>\n\n\n\n<div style=\"height:100px\" aria-hidden=\"true\" class=\"wp-block-spacer\"><\/div>\n\n\n\n<h5 class=\"has-text-align-center wp-block-heading\"><em>\u201cL\u2019esercizio della Biodanza si pone nell\u2019ottica dell\u2019incontro. Esso ha come impegno lo sviluppo e il nutrimento dei legami che uniscono a s\u00e9, all\u2019altro, al mondo. Attraverso l\u2019esperienza singolare del corpo e della sensibilit\u00e0. Qui la danza non dipende n\u00e9 dall\u2019espressione libera n\u00e9 alle figure imposte. Essa non ricorre n\u00e9 all\u2019apprendimento n\u00e9 all\u2019immaginazione. Pi\u00f9 semplicemente, questa \u00e8 la ricerca del gesto proprio, della parola singola che reca e d\u00e0 forma alle nostre potenzialit\u00e0. La sua base \u00e8 dunque l\u2019individuo, ma nella prospettiva della vita che lo avvolge\u201d<\/em><\/h5>\n\n\n\n<p class=\"has-text-align-right\"><em>Rolando Toro Araneda<\/em><\/p>\n\n\n\n<div style=\"height:100px\" aria-hidden=\"true\" class=\"wp-block-spacer\"><\/div>\n\n\n\n<div class=\"wp-block-buttons aligncenter is-layout-flex wp-block-buttons-is-layout-flex\">\n<div class=\"wp-block-button is-style-fill\"><a class=\"wp-block-button__link has-accent-background-color has-background\" href=\"https:\/\/www.aipob-biodanza.org\/wp-content\/uploads\/2023\/07\/brochure-completa_Counseling.pdf\" target=\"_blank\" rel=\"noreferrer noopener\">VISUALIZZA LA BROCHURE COMPLETA<\/a><\/div>\n<\/div>\n\n\n\n<div style=\"height:210px\" aria-hidden=\"true\" class=\"wp-block-spacer\"><\/div>\n\n\n\n<div class=\"wp-block-themeisle-blocks-advanced-columns has-undefined-columns has-desktop-undefined-layout has-tablet-equal-layout has-mobile-equal-layout has-default-gap has-vertical-unset\" id=\"wp-block-themeisle-blocks-advanced-columns-6883af52\"><div class=\"wp-block-themeisle-blocks-advanced-columns-overlay\"><\/div><div class=\"innerblocks-wrap\"><\/div><\/div>\n","protected":false},"excerpt":{"rendered":"<p><!-- wp:heading --><\/p>\n<h2>Master in Counseling Professionale<\/h2>\n<p><!-- \/wp:heading --><\/p>\n<p><!-- wp:heading {\"level\":4} --><\/p>\n<h4>La formazione in Counseling per Operatori Scuolatoro Biodanza BRT in collaborazione con <a href=\"http:\/\/www.aspicmilano.com\/\" ta...\n<\/p>\n","protected":false},"author":44,"featured_media":0,"parent":0,"menu_order":0,"comment_status":"closed","ping_status":"closed","template":"","meta":{"footnotes":""},"class_list":["post-10160","page","type-page","status-publish","hentry"],"_links":{"self":[{"href":"https:\/\/www.aipob-biodanza.org\/it_IT\/wp-json\/wp\/v2\/pages\/10160"}],"collection":[{"href":"https:\/\/www.aipob-biodanza.org\/it_IT\/wp-json\/wp\/v2\/pages"}],"about":[{"href":"https:\/\/www.aipob-biodanza.org\/it_IT\/wp-json\/wp\/v2\/types\/page"}],"author":[{"embeddable":true,"href":"https:\/\/www.aipob-biodanza.org\/it_IT\/wp-json\/wp\/v2\/users\/44"}],"replies":[{"embeddable":true,"href":"https:\/\/www.aipob-biodanza.org\/it_IT\/wp-json\/wp\/v2\/comments?post=10160"}],"version-history":[{"count":5,"href":"https:\/\/www.aipob-biodanza.org\/it_IT\/wp-json\/wp\/v2\/pages\/10160\/revisions"}],"predecessor-version":[{"id":10234,"href":"https:\/\/www.aipob-biodanza.org\/it_IT\/wp-json\/wp\/v2\/pages\/10160\/revisions\/10234"}],"wp:attachment":[{"href":"https:\/\/www.aipob-biodanza.org\/it_IT\/wp-json\/wp\/v2\/media?parent=10160"}],"curies":[{"name":"wp","href":"https:\/\/api.w.org\/{rel}","templated":true}]}}