{"id":240,"date":"2018-04-09T16:46:28","date_gmt":"2018-04-09T14:46:28","guid":{"rendered":"http:\/\/www.aipob-biodanza.org\/?page_id=240"},"modified":"2023-06-26T20:08:10","modified_gmt":"2023-06-26T18:08:10","slug":"facilitator-training","status":"publish","type":"page","link":"https:\/\/www.aipob-biodanza.org\/it_IT\/facilitator-training\/","title":{"rendered":"FORMAZIONE"},"content":{"rendered":"<p><form class=\"mltlngg_switcher\" name=\"mltlngg_change_language\" method=\"post\" action=\"\"><button class=\"mltlngg-lang-button-icons\" name=\"mltlngg_change_display_lang\" value=\"it_IT\" title=\"Italiano\">\n\t\t\t\t\t\t\t<img decoding=\"async\" class=\"mltlngg-current-lang\" src=\"https:\/\/www.aipob-biodanza.org\/wp-content\/plugins\/multilanguage\/images\/flags\/it_IT.png\" alt=\"Italiano\">\n\t\t\t\t\t\t<\/button><button class=\"mltlngg-lang-button-icons\" name=\"mltlngg_change_display_lang\" value=\"en_GB\" title=\"English (UK)\">\n\t\t\t\t\t\t\t<img decoding=\"async\" class=\"mltlngg-lang\" src=\"https:\/\/www.aipob-biodanza.org\/wp-content\/plugins\/multilanguage\/images\/flags\/en_GB.png\" alt=\"English (UK)\">\n\t\t\t\t\t\t<\/button><button class=\"mltlngg-lang-button-icons\" name=\"mltlngg_change_display_lang\" value=\"es_ES\" title=\"Espa\u00f1ol\">\n\t\t\t\t\t\t\t<img decoding=\"async\" class=\"mltlngg-lang\" src=\"https:\/\/www.aipob-biodanza.org\/wp-content\/plugins\/multilanguage\/images\/flags\/es_ES.png\" alt=\"Espa\u00f1ol\">\n\t\t\t\t\t\t<\/button><\/form>La prima Scuola Modello \u00e8 stata fondata da Rolando Toro in persona con <strong>Eliane Matuk<\/strong> a<strong> Milano<\/strong>. Successivamente, quando il Professor Toro si \u00e8 trasferito nel suo Paese natale, il Cile, \u00e8 stata aperta la seconda unit\u00e0 con <strong>Claudete Sant\u2019Anna<\/strong> a <strong>Santiago<\/strong>.<\/p>\n<p>Con la parola\u00a0\u201c<em>Modello<\/em>\u201d <strong>Rolando Toro<\/strong> ha voluto riferirsi alla Scuola da lui fondata e in cui lui stesso \u00e8 stato il docente unico durante diversi cicli di formazione. A partire dalla fondazione della <strong>Scuolatoro UNIPIB<\/strong>, con tale definizione, si fa riferimento alle Scuole che hanno intenzione di seguire nell\u2019insegnamento di Biodanza, il Metodo Originale del suo creatore, nel rispetto delle sue volont\u00e0 espresse nel\u00a0testamento intellettuale.<\/p>\n<p>Le Scuole appartenenti alla \u201cScuolatoro \u2013 Universit\u00e0 Popolare Internazionale Biocentrica APS&#8221;\u00a0sono garanzia di uno <strong>standard elevato di insegnamento<\/strong>, dell\u2019 <strong>efficacia del metodo<\/strong> e della <strong>preservazione della coerenza<\/strong> del <strong>Sistema Biodanza di Rolando Toro Araneda (SRTA)<\/strong>.<\/p>\n<p><strong><\/strong><\/p>\n","protected":false},"excerpt":{"rendered":"<p>[multilanguage_switcher layout=\"flags-icons\"]La prima Scuola Modello \u00e8 stata fondata da Rolando Toro in persona con <strong>Eliane Matuk<\/strong> a<strong> Milano<\/strong>. Successivamente, quando il Professor Toro si \u00e8 trasferito nel suo Paese natal&#8230;<\/p>\n","protected":false},"author":1,"featured_media":769,"parent":0,"menu_order":0,"comment_status":"closed","ping_status":"closed","template":"","meta":{"footnotes":""},"class_list":["post-240","page","type-page","status-publish","has-post-thumbnail","hentry"],"_links":{"self":[{"href":"https:\/\/www.aipob-biodanza.org\/it_IT\/wp-json\/wp\/v2\/pages\/240"}],"collection":[{"href":"https:\/\/www.aipob-biodanza.org\/it_IT\/wp-json\/wp\/v2\/pages"}],"about":[{"href":"https:\/\/www.aipob-biodanza.org\/it_IT\/wp-json\/wp\/v2\/types\/page"}],"author":[{"embeddable":true,"href":"https:\/\/www.aipob-biodanza.org\/it_IT\/wp-json\/wp\/v2\/users\/1"}],"replies":[{"embeddable":true,"href":"https:\/\/www.aipob-biodanza.org\/it_IT\/wp-json\/wp\/v2\/comments?post=240"}],"version-history":[{"count":9,"href":"https:\/\/www.aipob-biodanza.org\/it_IT\/wp-json\/wp\/v2\/pages\/240\/revisions"}],"predecessor-version":[{"id":10140,"href":"https:\/\/www.aipob-biodanza.org\/it_IT\/wp-json\/wp\/v2\/pages\/240\/revisions\/10140"}],"wp:featuredmedia":[{"embeddable":true,"href":"https:\/\/www.aipob-biodanza.org\/it_IT\/wp-json\/wp\/v2\/media\/769"}],"wp:attachment":[{"href":"https:\/\/www.aipob-biodanza.org\/it_IT\/wp-json\/wp\/v2\/media?parent=240"}],"curies":[{"name":"wp","href":"https:\/\/api.w.org\/{rel}","templated":true}]}}