{"id":28,"date":"2018-04-05T09:40:45","date_gmt":"2018-04-05T07:40:45","guid":{"rendered":"http:\/\/localhost\/?page_id=28"},"modified":"2020-04-02T12:22:49","modified_gmt":"2020-04-02T10:22:49","slug":"pratical_aspect","status":"publish","type":"page","link":"https:\/\/www.aipob-biodanza.org\/it_IT\/pratical_aspect\/","title":{"rendered":"COME PRATICARE"},"content":{"rendered":"<p><form class=\"mltlngg_switcher\" name=\"mltlngg_change_language\" method=\"post\" action=\"\"><button class=\"mltlngg-lang-button-icons\" name=\"mltlngg_change_display_lang\" value=\"it_IT\" title=\"Italiano\">\n\t\t\t\t\t\t\t<img decoding=\"async\" class=\"mltlngg-current-lang\" src=\"https:\/\/www.aipob-biodanza.org\/wp-content\/plugins\/multilanguage\/images\/flags\/it_IT.png\" alt=\"Italiano\">\n\t\t\t\t\t\t<\/button><button class=\"mltlngg-lang-button-icons\" name=\"mltlngg_change_display_lang\" value=\"en_GB\" title=\"English (UK)\">\n\t\t\t\t\t\t\t<img decoding=\"async\" class=\"mltlngg-lang\" src=\"https:\/\/www.aipob-biodanza.org\/wp-content\/plugins\/multilanguage\/images\/flags\/en_GB.png\" alt=\"English (UK)\">\n\t\t\t\t\t\t<\/button><button class=\"mltlngg-lang-button-icons\" name=\"mltlngg_change_display_lang\" value=\"es_ES\" title=\"Espa\u00f1ol\">\n\t\t\t\t\t\t\t<img decoding=\"async\" class=\"mltlngg-lang\" src=\"https:\/\/www.aipob-biodanza.org\/wp-content\/plugins\/multilanguage\/images\/flags\/es_ES.png\" alt=\"Espa\u00f1ol\">\n\t\t\t\t\t\t<\/button><\/form>La <strong>Biodanza<\/strong> si struttura in serate di presentazione , corsi settimanali e stage. In caso di necessit\u00e0 esiste la possibilit\u00e0 di un colloquio individuale con il conduttore.<\/p>\n<p><em>Serate di presentazione<\/em><\/p>\n<p>Si svolgono alcune volte l\u2019anno e sono il primo approccio con la Biodanza.<br \/>\nHanno le caratteristiche di una serata del corso settimanale e prevedono una prima parte teorica ed una seconda pratica (esercizi, danze). Hanno lo scopo di far conoscere e sperimentare la Biodanza.<\/p>\n<p><em>Corsi regolari settimanali<\/em><\/p>\n<p>Si svolgono una sera alla settimana. Il carattere continuativo e regolare degli incontri d\u00e0 ad ognuno il tempo di integrare i nuovi vissuti e di metterli alla prova del quotidiano.<br \/>\nIl loro obiettivo \u00e8 stimolare in modo progressivo funzioni essenziali per l\u2019auto-realizzazione esistenziale. Durante i corsi settimanali si approfondiscono le caratteristiche individuali mediante un controllo evolutivo.<\/p>\n<p><em>Stage<\/em><\/p>\n<p>L\u2019obiettivo degli stage \u00e8 approfondire specificamente le possibilit\u00e0 evolutive che la Biodanza stimola: vitalit\u00e0, sessualit\u00e0, creativit\u00e0, affettivit\u00e0, trascendenza.<br \/>\nPer il pi\u00f9 ampio tempo a disposizione sono l\u2019occasione per andare pi\u00f9 in profondit\u00e0 nell\u2019incontro con s\u00e9, con l\u2019altro e con la natura.<br \/>\nSono una parentesi nel quotidiano che permette di ascoltarsi ed esprimersi pi\u00f9 liberamente.<br \/>\nGli stage sono realizzati in locali adeguati ad ospitare il gruppo durante il week-end.<\/p>\n<p><em>Colloquio personale<\/em><\/p>\n<p>In caso di possibili difficolt\u00e0 di elaborazione riguardo alle vivencia sperimentate durante gli incontri settimanali o stage, si offre la possibilit\u00e0 di ascolto affettivo come appoggio al percorso di crescita personale attraverso la <em><strong>Biodanza<\/strong><\/em><\/p>\n","protected":false},"excerpt":{"rendered":"<p>[multilanguage_switcher layout=\"flags-icons\"]La <strong>Biodanza<\/strong> si struttura in serate di presentazione , corsi settimanali e stage. In caso di necessit\u00e0 esiste la possibilit\u00e0 di un colloquio individuale con il conduttore.<\/p>\n<p><em>Serate di pr&#8230;<\/p>\n","protected":false},"author":1,"featured_media":823,"parent":0,"menu_order":0,"comment_status":"closed","ping_status":"closed","template":"","meta":{"footnotes":""},"class_list":["post-28","page","type-page","status-publish","has-post-thumbnail","hentry"],"_links":{"self":[{"href":"https:\/\/www.aipob-biodanza.org\/it_IT\/wp-json\/wp\/v2\/pages\/28"}],"collection":[{"href":"https:\/\/www.aipob-biodanza.org\/it_IT\/wp-json\/wp\/v2\/pages"}],"about":[{"href":"https:\/\/www.aipob-biodanza.org\/it_IT\/wp-json\/wp\/v2\/types\/page"}],"author":[{"embeddable":true,"href":"https:\/\/www.aipob-biodanza.org\/it_IT\/wp-json\/wp\/v2\/users\/1"}],"replies":[{"embeddable":true,"href":"https:\/\/www.aipob-biodanza.org\/it_IT\/wp-json\/wp\/v2\/comments?post=28"}],"version-history":[{"count":10,"href":"https:\/\/www.aipob-biodanza.org\/it_IT\/wp-json\/wp\/v2\/pages\/28\/revisions"}],"predecessor-version":[{"id":4562,"href":"https:\/\/www.aipob-biodanza.org\/it_IT\/wp-json\/wp\/v2\/pages\/28\/revisions\/4562"}],"wp:featuredmedia":[{"embeddable":true,"href":"https:\/\/www.aipob-biodanza.org\/it_IT\/wp-json\/wp\/v2\/media\/823"}],"wp:attachment":[{"href":"https:\/\/www.aipob-biodanza.org\/it_IT\/wp-json\/wp\/v2\/media?parent=28"}],"curies":[{"name":"wp","href":"https:\/\/api.w.org\/{rel}","templated":true}]}}