{"id":46,"date":"2018-04-05T09:52:37","date_gmt":"2018-04-05T07:52:37","guid":{"rendered":"http:\/\/localhost\/?page_id=46"},"modified":"2021-09-14T19:23:41","modified_gmt":"2021-09-14T17:23:41","slug":"regulations","status":"publish","type":"page","link":"https:\/\/www.aipob-biodanza.org\/it_IT\/regulations\/","title":{"rendered":"REGOLAMENTO INTERNO"},"content":{"rendered":"\n<h2 class=\"wp-block-heading\"><strong>Regolamento Interno AIPOB \u2013 Sistema Rolando Toro Araneda<\/strong><\/h2>\n\n\n\n<p>Il regolamento interno definisce le norme che, in attuazione e specificazione di quelle contenute nello statuto, sono ritenute necessarie per il buon funzionamento dell\u2019Associazione in conformit\u00e0 alla normativa statutaria riferita all\u2019art. 2-item 3 della Legge n.4 del 14\/01\/2013 \u2013 \u201cDisposizioni in materia di professioni non organizzate\u201d. Questa prima versione definisce i requisiti riguardanti l\u2019ammissione di alcune tipologie di socio nell\u2019associazione, i differenti profili di operatore di Biodanza e i criteri generali per l\u2019organizzazione della formazione permanente. Il regolamento sar\u00e0 progressivamente arricchito ed integrato con altri titoli ed aspetti non affrontati in questa prima versione, in funzione delle necessit\u00e0 che emergeranno nel corso del tempo e contestualmente all\u2019evolversi della situazione normativa in ambito regionale e nazionale soprattutto per quel che riguarda le modalit\u00e0 di attestazione professionale.<\/p>\n\n\n\n<h3 class=\"wp-block-heading\">A) Requisiti per l\u2019ammissione dei soci<\/h3>\n\n\n\n<h4 class=\"wp-block-heading\">1. Soci ordinari<\/h4>\n\n\n\n<p>L\u2019art.5 dello statuto al punto 2 definisce i Soci Ordinari come \u201cOperatori di Biodanza che abbiano regolarmente conseguito il titolo presso una Scuola di Formazione riconosciuta ed autorizzata da Scuolatoro &#8211; Societ\u00e0 Cooperativa Sociale e si riconoscano nel documento \u00abOrientamento Normativo per le Scuole di Formazione Docenti in Biodanza Sistema Rolando Toro\u00bb e nel \u00abTestamento Intellettuale\u00bb di Rolando Toro Araneda\u201d<\/p>\n\n\n\n<p>Considerate le molteplici situazioni venute a crearsi nel contesto formativo dopo la scomparsa del creatore della Biodanza Rolando Toro Araneda e a seguito della costituzione della Scuolatoro &#8211; Societ\u00e0 Cooperativa Sociale (di seguito Scuolatoro) si ritiene di dover precisare quanto segue:<\/p>\n\n\n\n<p>L\u2019associazione riconosce come validi ai fini dell\u2019ammissione:<\/p>\n\n\n\n<p>\u2022 il titolo di operatore di Biodanza conseguito presso le scuole riconosciute e autorizzate dalla Scuolatoro. La Scuolatoro si impegna da parte sua a trasmettere all\u2019associazione l\u2019elenco delle scuole riconosciute e autorizzate. \u2022 Il titolo conseguito dagli operatori titolari formati in tutte le Scuole di Biodanza Sistema Rolando Toro Araneda esistenti nel mondo prima della sua scomparsa; \u2022 Il titolo conseguito dagli operatori che abbiano iniziato il percorso formativo in una delle scuole di Biodanza Sistema Rolando Toro Araneda esistenti nel mondo in un ciclo attivo prima della scomparsa di Rolando Toro Araneda;<\/p>\n\n\n\n<p>Al di fuori dei casi di cui sopra, gli operatori che abbiano conseguito il titolo in una scuola non riconosciuta potranno essere ammessi all\u2019associazione a condizione che si impegnino a frequentare almeno cinque dei moduli di metodologia previsti dall\u2019Orientamento normativo entro un anno dalla prima iscrizione all\u2019associazione (salvo casi di eccezione riferiti alla mancanza di svolgimento di tali moduli nel corrente anno), in una delle scuole riconosciute e autorizzate dalla Scuolatoro. L\u2019accesso a tali moduli sar\u00e0 a titolo gratuito. Nel caso il socio non ottemperi a tale impegno Il consiglio direttivo pu\u00f2 deliberare la sua decadenza dalla qualit\u00e0 di socio, senza rimborso della quota associativa.<\/p>\n\n\n\n<h4 class=\"wp-block-heading\">2. Soci attestati<\/h4>\n\n\n\n<p>I soci attestati come definiti nello statuto: \u201cSoci ordinari in possesso della &#8220;Attestazione di qualifica professionale\u201d rilasciata dall\u2019Associazione e mantenuta valida secondo le norme previste dalla stessa nel rispetto degli standard qualitativi minimi e di qualificazione professionale che gli iscritti sono tenuti a rispettare nell\u2019esercizio dell\u2019attivit\u00e0 professionale. L\u2019attestazione di qualifica professionale viene assunta e mantenuta ai fini del mantenimento dell\u2019iscrizione all\u2019associazione con la qualifica di Socio Attestato\u201d<\/p>\n\n\n\n<h4 class=\"wp-block-heading\">3. Soci tirocinanti<\/h4>\n\n\n\n<p>Possono essere ammessi come soci tirocinanti gli allievi delle Scuole di formazione riconosciute da Scuolatoro cooperativa sociale durante la fase di Tirocinio, purch\u00e9 in possesso di Autorizzazione al Tirocinio e previo parere positivo del Direttore della Scuola di appartenenza. Concluso il tirocinio, il socio diviene operatore di Biodanza e acquista a tutti gli effetti la qualit\u00e0 di Socio Ordinario. Trascorsi i due anni, qualora l\u2019allievo tirocinante non abbia ancora completato l\u2019iter formativo e acquisito il titolo di operatore di Biodanza, vedr\u00e0 decadere la sua qualit\u00e0 di socio. Eccezioni potranno essere ammesse con delibera del Consiglio Direttivo, assunta all&#8217;unanimit\u00e0 dei componenti, previo parere favorevole del Direttore della Scuola di Formazione che ha rilasciato l\u2019autorizzazione al tirocinio all\u2019allievo in questione.<\/p>\n\n\n\n<p>Per le altre tipologie di socio non sono previste norme aggiuntive oltre a quelle contemplate dallo statuto. <\/p>\n\n\n\n<h3 class=\"wp-block-heading\">B) Attivit\u00e0 di formazione permanente<\/h3>\n\n\n\n<p>L\u2019Associazione, tramite il Comitato tecnico scientifico, propone annualmente un piano di offerta formativa dal quale i soci professionisti (soci ordinari e soci attestati) possano attingere in modo autonomo al fine di rispondere alla richiesta di formazione permanente.<\/p>\n\n\n\n<p>Nel piano possono essere compresi: &#8211; moduli e seminari di conferenze del corso di formazione in Biodanza presso una o pi\u00f9 fra le Scuole riconosciute; &#8211; stage specifici organizzati al di fuori del ciclo di formazione specificamente e individuati dal Comitato tecnico scientifico; &#8211; incontri di approfondimento organizzati direttamente dall\u2019associazione su aspetti teorici e\/o metodologici propri della Biodanza; &#8211; conferenze e\/o seminari realizzati da invitati su temi affini, la cui conoscenza possa arricchire la professionalit\u00e0 dell\u2019operatore di Biodanza.<\/p>\n\n\n\n<p>L\u2019associazione tramite il Comitato tecnico scientifico pu\u00f2 altres\u00ec accreditare come validi &#8211; ai fini della formazione permanente e in quanto tali inserirli nel piano formativo &#8211; cicli di studio, convegni, seminari, master organizzati da soggetti diversi quali Universit\u00e0, Istituti culturali, Associazioni, Fondazioni ect, su tematiche che riguardino in modo diretto o indiretto il Sistema Biodanza. Il riconoscimento, ai fini della formazione permanente, della partecipazione di un singolo socio a una particolare iniziativa di valore formativo \u00e8 subordinata alla preventiva approvazione da parte del Consiglio tecnico scientifico e del Consiglio direttivo dell\u2019associazione.<br \/>Il piano dell\u2019offerta formativa individua per ciascuna proposta i valori interni di crediti e definisce il numero minimo dei crediti totali necessari per mantenere gli standard minimi di formazione professionale e conseguentemente la qualifica di socio attestato, in ottemperanza a quanto previsto dalla legge nazionale a tutela e garanzia dell\u2019utenza.<\/p>\n\n\n\n<h3 class=\"wp-block-heading\">3) Definizione dei profili dell\u2019operatore di Biodanza<\/h3>\n\n\n\n<p>I profili sono i seguenti:<\/p>\n\n\n\n<p><strong>&#8211; <\/strong>operatore <strong>titolare<\/strong> (chi ha completato il percorso di formazione e quindi acquisito le competenze e il rispettivo titolo di operatore di Biodanza);<\/p>\n\n\n\n<p> <strong>&#8211; <\/strong>operatore <strong>tutor<\/strong> (chi oltre al corso di formazione in Biodanza ha completato anche quello di approfondimento metodologico per la formazione dei tutor);<\/p>\n\n\n\n<p> <strong>&#8211; <\/strong>operatore <strong>didatta<\/strong> (chi oltre al completamento del corso di formazione in Biodanza, ha completato anche quello di formazione per didatta);<\/p>\n\n\n\n<p> <strong>&#8211; <\/strong>operatore <strong>specializzato<\/strong> in una o pi\u00f9 <strong>aree di applicazione<\/strong> di Biodanza<\/p>\n\n\n\n<p>Tutti i corsi di formazione a cui si fa riferimento in questo articolo sono quelli organizzati e riconosciuti dalla Scuolatoro.<\/p>\n\n\n\n<div class=\"wp-block-buttons aligncenter is-layout-flex wp-block-buttons-is-layout-flex\">\n<div class=\"wp-block-button is-style-outline is-style-outline--d4271b3a0dbddbf81000f69f07f8fac4\"><a class=\"wp-block-button__link has-white-background-color has-background\" href=\"http:\/\/www.aipob-biodanza.org\/wp-content\/uploads\/2018\/04\/regolamento.pdf\" target=\"_blank\" rel=\"noreferrer noopener\"><strong>SCARICA IL REGOLAMENTO<\/strong><\/a><\/div>\n<\/div>\n","protected":false},"excerpt":{"rendered":"<p><!-- wp:heading --><\/p>\n<h2><strong>Regolamento Interno AIPOB \u2013 Sistema Rolando Toro Araneda<\/strong><\/h2>\n<p><!-- \/wp:heading --><\/p>\n<p><!-- wp:paragraph --><\/p>\n<p>Il regolamento interno definisce le norme che, in attuazione e specificazione di quelle contenute ne&#8230;<\/p>\n","protected":false},"author":1,"featured_media":0,"parent":0,"menu_order":0,"comment_status":"closed","ping_status":"closed","template":"","meta":{"footnotes":""},"class_list":["post-46","page","type-page","status-publish","hentry"],"_links":{"self":[{"href":"https:\/\/www.aipob-biodanza.org\/it_IT\/wp-json\/wp\/v2\/pages\/46"}],"collection":[{"href":"https:\/\/www.aipob-biodanza.org\/it_IT\/wp-json\/wp\/v2\/pages"}],"about":[{"href":"https:\/\/www.aipob-biodanza.org\/it_IT\/wp-json\/wp\/v2\/types\/page"}],"author":[{"embeddable":true,"href":"https:\/\/www.aipob-biodanza.org\/it_IT\/wp-json\/wp\/v2\/users\/1"}],"replies":[{"embeddable":true,"href":"https:\/\/www.aipob-biodanza.org\/it_IT\/wp-json\/wp\/v2\/comments?post=46"}],"version-history":[{"count":13,"href":"https:\/\/www.aipob-biodanza.org\/it_IT\/wp-json\/wp\/v2\/pages\/46\/revisions"}],"predecessor-version":[{"id":9035,"href":"https:\/\/www.aipob-biodanza.org\/it_IT\/wp-json\/wp\/v2\/pages\/46\/revisions\/9035"}],"wp:attachment":[{"href":"https:\/\/www.aipob-biodanza.org\/it_IT\/wp-json\/wp\/v2\/media?parent=46"}],"curies":[{"name":"wp","href":"https:\/\/api.w.org\/{rel}","templated":true}]}}